{"id":17,"date":"2026-04-27T07:28:49","date_gmt":"2026-04-27T07:28:49","guid":{"rendered":"https:\/\/ecoledesparisanalyse.ca?page_id=17"},"modified":"2026-04-29T10:59:04","modified_gmt":"2026-04-29T10:59:04","slug":"blog","status":"publish","type":"page","link":"https:\/\/ecoledesparisanalyse.ca\/fr\/blog\/","title":{"rendered":"Blogs"},"content":{"rendered":"<ul class=\"wp-block-latest-posts__list has-dates has-author wp-block-latest-posts\"><li><div class=\"wp-block-latest-posts__featured-image alignleft\"><a href=\"https:\/\/ecoledesparisanalyse.ca\/fr\/formation-gratuite-disponible-guide-complet-2024\/\" aria-label=\"Formation gratuite disponible : Guide complet 2024\"><img loading=\"lazy\" decoding=\"async\" width=\"150\" height=\"150\" src=\"https:\/\/ecoledesparisanalyse.ca\/wp-content\/uploads\/2026\/04\/a5aaf4be-8efe-482b-987e-ed72e8992a0d-150x150.png\" class=\"attachment-thumbnail size-thumbnail wp-post-image\" alt=\"\" style=\"\" srcset=\"https:\/\/ecoledesparisanalyse.ca\/wp-content\/uploads\/2026\/04\/a5aaf4be-8efe-482b-987e-ed72e8992a0d-150x150.png 150w, https:\/\/ecoledesparisanalyse.ca\/wp-content\/uploads\/2026\/04\/a5aaf4be-8efe-482b-987e-ed72e8992a0d-300x300.png 300w, https:\/\/ecoledesparisanalyse.ca\/wp-content\/uploads\/2026\/04\/a5aaf4be-8efe-482b-987e-ed72e8992a0d-768x768.png 768w, https:\/\/ecoledesparisanalyse.ca\/wp-content\/uploads\/2026\/04\/a5aaf4be-8efe-482b-987e-ed72e8992a0d-12x12.png 12w, https:\/\/ecoledesparisanalyse.ca\/wp-content\/uploads\/2026\/04\/a5aaf4be-8efe-482b-987e-ed72e8992a0d.png 1024w\" sizes=\"auto, (max-width: 150px) 100vw, 150px\" \/><\/a><\/div><a class=\"wp-block-latest-posts__post-title\" href=\"https:\/\/ecoledesparisanalyse.ca\/fr\/formation-gratuite-disponible-guide-complet-2024\/\">Formation gratuite disponible : Guide complet 2024<\/a><div class=\"wp-block-latest-posts__post-author\">par admin<\/div><time datetime=\"2026-04-28T00:17:20+00:00\" class=\"wp-block-latest-posts__post-date\">avril 28, 2026<\/time><div class=\"wp-block-latest-posts__post-excerpt\">D\u00e9couvrez la r\u00e9alit\u00e9 des formations gratuites en 2024 : o\u00f9 les trouver, comment les choisir, et surtout comment \u00e9viter les pi\u00e8ges. Guide pratique et sans langue de bois.<\/div><\/li>\n<li><a class=\"wp-block-latest-posts__post-title\" href=\"https:\/\/ecoledesparisanalyse.ca\/fr\/ecole-des-paris-vs-pronostiqueurs-en-ligne-les-vraies-differences\/\">\u00c9cole des Paris vs Pronostiqueurs en Ligne : Les Vraies Diff\u00e9rences<\/a><div class=\"wp-block-latest-posts__post-author\">par admin<\/div><time datetime=\"2026-04-28T00:15:16+00:00\" class=\"wp-block-latest-posts__post-date\">avril 28, 2026<\/time><div class=\"wp-block-latest-posts__post-excerpt\">D\u00e9couvrez les diff\u00e9rences fondamentales entre l&rsquo;\u00c9cole des Paris et les pronostiqueurs en ligne traditionnels : m\u00e9thodes, performance, co\u00fbts et r\u00e9sultats.<\/div><\/li>\n<\/ul>","protected":false},"excerpt":{"rendered":"","protected":false},"author":1,"featured_media":0,"parent":0,"menu_order":0,"comment_status":"closed","ping_status":"closed","template":"","meta":{"footnotes":""},"class_list":["post-17","page","type-page","status-publish","hentry"],"_links":{"self":[{"href":"https:\/\/ecoledesparisanalyse.ca\/fr\/wp-json\/wp\/v2\/pages\/17","targetHints":{"allow":["GET"]}}],"collection":[{"href":"https:\/\/ecoledesparisanalyse.ca\/fr\/wp-json\/wp\/v2\/pages"}],"about":[{"href":"https:\/\/ecoledesparisanalyse.ca\/fr\/wp-json\/wp\/v2\/types\/page"}],"author":[{"embeddable":true,"href":"https:\/\/ecoledesparisanalyse.ca\/fr\/wp-json\/wp\/v2\/users\/1"}],"replies":[{"embeddable":true,"href":"https:\/\/ecoledesparisanalyse.ca\/fr\/wp-json\/wp\/v2\/comments?post=17"}],"version-history":[{"count":3,"href":"https:\/\/ecoledesparisanalyse.ca\/fr\/wp-json\/wp\/v2\/pages\/17\/revisions"}],"predecessor-version":[{"id":88,"href":"https:\/\/ecoledesparisanalyse.ca\/fr\/wp-json\/wp\/v2\/pages\/17\/revisions\/88"}],"wp:attachment":[{"href":"https:\/\/ecoledesparisanalyse.ca\/fr\/wp-json\/wp\/v2\/media?parent=17"}],"curies":[{"name":"wp","href":"https:\/\/api.w.org\/{rel}","templated":true}]}}